{"id":247,"date":"2022-09-08T20:31:52","date_gmt":"2022-09-08T20:31:52","guid":{"rendered":"http:\/\/ibematic.com.pl\/?page_id=247"},"modified":"2022-09-08T20:36:53","modified_gmt":"2022-09-08T20:36:53","slug":"polityka-prywatnosci","status":"publish","type":"page","link":"https:\/\/ibematic.com.pl\/index.php\/polityka-prywatnosci\/","title":{"rendered":"Polityka prywatno\u015bci"},"content":{"rendered":"\n<p>Polityka prywatno\u015bci Ibematic z siedzib\u0105 w Olsztynie<\/p>\n\n\n\n<ol><li>Polityka Prywatno\u015bci zamieszczona na stronie internetowej Ibematic stanowi zbi\u00f3r zasad przetwarzania danych osobowych i zasad ochrony<br>prywatno\u015bci stosowanych wobec os\u00f3b fizycznych, nieprowadz\u0105cych dzia\u0142alno\u015bci<br>gospodarczej,<\/li><li>Podstawa zbierania i przetwarzania danych osobowych jest oparta na Rozporz\u0105dzeniu Nr<br>2016\/679 Parlamentu Europejskiego i Rady z dnia 27 kwietnia 2016r. w sprawie ochrony<br>os\u00f3b fizycznych w zwi\u0105zku z przetwarzaniem danych osobowych i w sprawie swobodnego<br>przep\u0142ywu takich danych oraz uchylenia dyrektywy 95\/46\/WE2 (og\u00f3lne rozporz\u0105dzenie o<br>ochronie danych), zwanym dalej RODO oraz na ustawie z dnia 10 maja 2018 r. o ochronie<br>danych osobowych ( Dz.U. z 2018r. poz.1000), zwanej dalej Ustaw\u0105<\/li><li>Dane osobowe s\u0105 zbierane i przetwarzane przez Ibematic jako<br>Administratora, jedynie w zwi\u0105zku ze \u015bwiadczonymi us\u0142ugami<\/li><li>Ibematic dobiera i stosuje odpowiednie \u015brodki techniczne i<br>organizacyjne zapewniaj\u0105ce ochron\u0119 przetwarzanych danych oraz zabezpiecza dane przed<br>ich udost\u0119pnieniem osobom nieupowa\u017cnionym, jak r\u00f3wnie\u017c przed ich przetwarzaniem z<br>naruszeniem obowi\u0105zuj\u0105cych przepis\u00f3w prawa.<\/li><li>Osoba korzystaj\u0105ca z us\u0142ug \u015bwiadczonych przez Ibematic<br>dobrowolnie wyra\u017ca zgod\u0119 na przetwarzanie swoich danych osobowych wy\u0142\u0105cznie w<br>zwi\u0105zku ze \u015bwiadczonymi us\u0142ugami<\/li><li>Brak udost\u0119pnienia danych osobowych przez osob\u0119 w zwi\u0105zku ze \u015bwiadczonymi us\u0142ugami<br>jest podstaw\u0105 do odst\u0105pienia od wykonywania tych us\u0142ug przez Ibematic<\/li><li>Przetwarzanie uzyskanych danych osobowych przez Ibematic jest<br>ograniczone wy\u0142\u0105cznie do ich przechowywania.<\/li><li>Odbiorcami danych osobowych s\u0105 wy\u0142\u0105cznie pracownicy Ibematic wykonuj\u0105cy us\u0142ugi.<\/li><li>W niezb\u0119dnym zakresie dane osobowe w zwi\u0105zku z realizacj\u0105 us\u0142ug mog\u0105 by\u0107 przekazane<br>zleceniobiorcom \u015bwiadcz\u0105cym na rzecz Ibematic, z kt\u00f3rymi Ibematic wsp\u00f3\u0142pracuje.<\/li><li>Dane osobowe uzyskane przez Ibematic w zwi\u0105zku ze<br>\u015bwiadczonymi us\u0142ugami s\u0105 przechowywane przez okres 10 lat.<\/li><li>Uzyskane dane osobowe w ramach \u015bwiadczonych us\u0142ug nie s\u0105 przekazywane innym<br>podmiotom oraz pa\u0144stwom a tak\u017ce nie s\u0105 profilowane w sieci.<\/li><li>Ibematic jako administrator, danych nie przekazuje uzyskanych<br>danych oraz nie korzysta z us\u0142ug innego podmiotu przetwarzaj\u0105cego.<\/li><li>Ibematic, jako mikroprzedsi\u0119biorca nie powo\u0142uje inspektora<br>ochrony danych osobowych.<\/li><li>Ibematic prowadzi rejestr wszelkich skarg na przetwarzanie<br>danych osobowych.<\/li><li>Zg\u0142oszone naruszenia podlegaj\u0105 bezwzgl\u0119dnemu zaewidencjonowaniu w rejestrze skarg<\/li><li>Zg\u0142aszanie skarg mo\u017cna dokonywa\u0107 osobi\u015bcie w siedzibie Ibematic w Olsztynie lub listownie na adres: ul. Abramowskiego 84  w Olsztynie albo<br>elektronicznie na adres: ibematic1@wp.pl<\/li><li>W przypadku naruszenia praw lub wolno\u015bci os\u00f3b fizycznych, Ibematic jest zobowi\u0105zany bez zb\u0119dnej zw\u0142oki zawiadomi\u0107 osob\u0119, kt\u00f3rej dane dotycz\u0105 o<br>takim naruszeniu.<\/li><li>Osoba, kt\u00f3rej dane dotycz\u0105, ma prawo \u017c\u0105dania od Ibematic,<br>jako administratora jej danymi osobowymi do:<br>o dost\u0119pu do swoich danych<br>o zmiany swoich danych<br>o cofni\u0119cia zgody na przetwarzanie danych,<br>o przeniesienia swoich danych osobowych do innego administratora.<br>o niezw\u0142ocznego usuni\u0119cia dotycz\u0105cych jej danych osobowych, Ibematic ma obowi\u0105zek bez zb\u0119dnej zw\u0142oki usun\u0105\u0107 dane osobowe ( tzw. prawo<br>do zapomnienia).<br>o z\u0142o\u017cy\u0107 skarg\u0119 do organu nadzorczego jakim jest Prezes Urz\u0119du Ochrony Danych<br>Osobowych w Warszawie (zwanym dalej UODO)<br>o z\u0142o\u017cy\u0107 skarg\u0119 si\u0119 bezpo\u015brednio do s\u0105du, z pomini\u0119ciem Prezesa UODO.<\/li><li>Ibematic, nie informuje UODO o ewentualnych naruszeniach.<\/li><li>W sprawach nieunormowanych w niniejszej polityce prywatno\u015bci zastosowanie maj\u0105<br>przepisy powo\u0142anego na wst\u0119pie RODO oraz wskazanej na wst\u0119pie Ustawy.<\/li><li>Niniejsza polityka prywatno\u015bci Ibematic obowi\u0105zuj\u0119 od dnia 25<br>maja 2018r.<\/li><\/ol>\n","protected":false},"excerpt":{"rendered":"<p>Polityka prywatno\u015bci Ibematic z siedzib\u0105 w Olsztynie Polityka Prywatno\u015bci zamieszczona na stronie internetowej Ibematic stanowi zbi\u00f3r zasad przetwarzania danych osobowych i zasad ochronyprywatno\u015bci stosowanych wobec os\u00f3b fizycznych, nieprowadz\u0105cych dzia\u0142alno\u015bcigospodarczej, Podstawa zbierania i przetwarzania danych osobowych jest oparta na Rozporz\u0105dzeniu Nr2016\/679 Parlamentu Europejskiego i Rady z dnia 27 kwietnia 2016r. w sprawie ochronyos\u00f3b fizycznych w zwi\u0105zku [&hellip;]<\/p>\n","protected":false},"author":1,"featured_media":0,"parent":0,"menu_order":0,"comment_status":"closed","ping_status":"closed","template":"","meta":[],"_links":{"self":[{"href":"https:\/\/ibematic.com.pl\/index.php\/wp-json\/wp\/v2\/pages\/247"}],"collection":[{"href":"https:\/\/ibematic.com.pl\/index.php\/wp-json\/wp\/v2\/pages"}],"about":[{"href":"https:\/\/ibematic.com.pl\/index.php\/wp-json\/wp\/v2\/types\/page"}],"author":[{"embeddable":true,"href":"https:\/\/ibematic.com.pl\/index.php\/wp-json\/wp\/v2\/users\/1"}],"replies":[{"embeddable":true,"href":"https:\/\/ibematic.com.pl\/index.php\/wp-json\/wp\/v2\/comments?post=247"}],"version-history":[{"count":2,"href":"https:\/\/ibematic.com.pl\/index.php\/wp-json\/wp\/v2\/pages\/247\/revisions"}],"predecessor-version":[{"id":252,"href":"https:\/\/ibematic.com.pl\/index.php\/wp-json\/wp\/v2\/pages\/247\/revisions\/252"}],"wp:attachment":[{"href":"https:\/\/ibematic.com.pl\/index.php\/wp-json\/wp\/v2\/media?parent=247"}],"curies":[{"name":"wp","href":"https:\/\/api.w.org\/{rel}","templated":true}]}}